{"id":10135,"date":"2024-08-29T01:55:35","date_gmt":"2024-08-28T23:55:35","guid":{"rendered":"https:\/\/lamaisonduchauffageaubois.com\/?post_type=product&#038;p=10135"},"modified":"2024-08-29T01:55:35","modified_gmt":"2024-08-28T23:55:35","slug":"woodstock-buches-de-bois-30-cm-sac-de-12-33-kg","status":"publish","type":"product","link":"https:\/\/buches-eco-services.com\/?product=woodstock-buches-de-bois-30-cm-sac-de-12-33-kg","title":{"rendered":"WOODSTOCK B\u00fbches de bois 30 cm \u2013 Sac de 12.33 kg"},"content":{"rendered":"<p><strong>Origine<\/strong>\u00a0: 100% bois fran\u00e7ais<\/p>\n<p><strong>Type de bois<\/strong>\u00a0: 100% feuillus durs (ch\u00eane, charme ou h\u00eatre)<\/p>\n<p><strong>Qualit\u00e9<\/strong>\u00a0: Groupe H1 G1<\/p>\n<p><strong>Longueur<\/strong>\u00a0: 30 cm<\/p>\n<p><strong>Quantit\u00e9<\/strong>\u00a0: 12.33 kg<\/p>\n<p>&nbsp;<\/p>\n","protected":false},"excerpt":{"rendered":"<p>Origine\u00a0: 100% bois fran\u00e7ais Type de bois\u00a0: 100% feuillus durs (ch\u00eane, charme ou h\u00eatre) Qualit\u00e9\u00a0: Groupe H1 G1 Longueur\u00a0: 30<\/p>\n","protected":false},"featured_media":10136,"comment_status":"open","ping_status":"closed","template":"","meta":[],"product_brand":[],"product_cat":[124],"product_tag":[],"class_list":{"0":"post-10135","1":"product","2":"type-product","3":"status-publish","4":"has-post-thumbnail","6":"product_cat-bois-de-chauffage","8":"first","9":"instock","10":"taxable","11":"shipping-taxable","12":"purchasable","13":"product-type-simple"},"_links":{"self":[{"href":"https:\/\/buches-eco-services.com\/index.php?rest_route=\/wp\/v2\/product\/10135","targetHints":{"allow":["GET"]}}],"collection":[{"href":"https:\/\/buches-eco-services.com\/index.php?rest_route=\/wp\/v2\/product"}],"about":[{"href":"https:\/\/buches-eco-services.com\/index.php?rest_route=\/wp\/v2\/types\/product"}],"replies":[{"embeddable":true,"href":"https:\/\/buches-eco-services.com\/index.php?rest_route=%2Fwp%2Fv2%2Fcomments&post=10135"}],"version-history":[{"count":1,"href":"https:\/\/buches-eco-services.com\/index.php?rest_route=\/wp\/v2\/product\/10135\/revisions"}],"predecessor-version":[{"id":10138,"href":"https:\/\/buches-eco-services.com\/index.php?rest_route=\/wp\/v2\/product\/10135\/revisions\/10138"}],"wp:featuredmedia":[{"embeddable":true,"href":"https:\/\/buches-eco-services.com\/index.php?rest_route=\/wp\/v2\/media\/10136"}],"wp:attachment":[{"href":"https:\/\/buches-eco-services.com\/index.php?rest_route=%2Fwp%2Fv2%2Fmedia&parent=10135"}],"wp:term":[{"taxonomy":"product_brand","embeddable":true,"href":"https:\/\/buches-eco-services.com\/index.php?rest_route=%2Fwp%2Fv2%2Fproduct_brand&post=10135"},{"taxonomy":"product_cat","embeddable":true,"href":"https:\/\/buches-eco-services.com\/index.php?rest_route=%2Fwp%2Fv2%2Fproduct_cat&post=10135"},{"taxonomy":"product_tag","embeddable":true,"href":"https:\/\/buches-eco-services.com\/index.php?rest_route=%2Fwp%2Fv2%2Fproduct_tag&post=10135"}],"curies":[{"name":"wp","href":"https:\/\/api.w.org\/{rel}","templated":true}]}}