{"id":9698,"date":"2023-11-03T18:01:40","date_gmt":"2023-11-03T17:01:40","guid":{"rendered":"https:\/\/lamaisonduchauffageaubois.com\/?post_type=product&#038;p=9698"},"modified":"2024-07-30T17:36:31","modified_gmt":"2024-07-30T15:36:31","slug":"ballot-de-bois-de-chauffage-33-cm-3-steres-pret-a-lemploi-melange-feuillus","status":"publish","type":"product","link":"https:\/\/buches-eco-services.com\/?product=ballot-de-bois-de-chauffage-33-cm-3-steres-pret-a-lemploi-melange-feuillus","title":{"rendered":"Ballot de bois de chauffage 33 cm 3 st\u00e8res &#8211; pr\u00eat \u00e0 l&#8217;emploi &#8211; m\u00e9lange feuillus"},"content":{"rendered":"<p>Bois de chauffage sec en ballot<br \/>\nProfitez de vos b\u00fbches de bois en ballot, coup\u00e9es en 33 cm<\/p>\n<p>Le ballot est compos\u00e9e uniquement d&rsquo;une palette et des b\u00fbches en vrac empil\u00e9es, tass\u00e9es puis film\u00e9es.<\/p>\n<p>Le bois est pr\u00eat \u00e0 br\u00fbler dans la chemin\u00e9e, le po\u00eale ou l&rsquo;insert; plus de parasites ni de mousses qui sont d\u00e9truites au s\u00e9chage. Vous profiterez d&rsquo;un bois qui s&rsquo;allume rapidement et facilement.<br \/>\nLe bois est coup\u00e9 en longueur de 33cm le volume d\u2019un st\u00e8re de bois est de 0,7m3<\/p>\n","protected":false},"excerpt":{"rendered":"<p>Bois de chauffage Sec en vrac sur une palette perdue et film\u00e9e, pratique et \u00e9conomique.<br \/>\nHumidit\u00e9 du bois contr\u00f4l\u00e9e lors du s\u00e9chage, garantie inf\u00e9rieure \u00e0 20%, pour un rendement maximum.<\/p>\n","protected":false},"featured_media":9725,"comment_status":"open","ping_status":"closed","template":"","meta":[],"product_brand":[],"product_cat":[124],"product_tag":[],"class_list":{"0":"post-9698","1":"product","2":"type-product","3":"status-publish","4":"has-post-thumbnail","6":"product_cat-bois-de-chauffage","8":"first","9":"instock","10":"taxable","11":"shipping-taxable","12":"purchasable","13":"product-type-simple"},"_links":{"self":[{"href":"https:\/\/buches-eco-services.com\/index.php?rest_route=\/wp\/v2\/product\/9698","targetHints":{"allow":["GET"]}}],"collection":[{"href":"https:\/\/buches-eco-services.com\/index.php?rest_route=\/wp\/v2\/product"}],"about":[{"href":"https:\/\/buches-eco-services.com\/index.php?rest_route=\/wp\/v2\/types\/product"}],"replies":[{"embeddable":true,"href":"https:\/\/buches-eco-services.com\/index.php?rest_route=%2Fwp%2Fv2%2Fcomments&post=9698"}],"version-history":[{"count":3,"href":"https:\/\/buches-eco-services.com\/index.php?rest_route=\/wp\/v2\/product\/9698\/revisions"}],"predecessor-version":[{"id":10065,"href":"https:\/\/buches-eco-services.com\/index.php?rest_route=\/wp\/v2\/product\/9698\/revisions\/10065"}],"wp:featuredmedia":[{"embeddable":true,"href":"https:\/\/buches-eco-services.com\/index.php?rest_route=\/wp\/v2\/media\/9725"}],"wp:attachment":[{"href":"https:\/\/buches-eco-services.com\/index.php?rest_route=%2Fwp%2Fv2%2Fmedia&parent=9698"}],"wp:term":[{"taxonomy":"product_brand","embeddable":true,"href":"https:\/\/buches-eco-services.com\/index.php?rest_route=%2Fwp%2Fv2%2Fproduct_brand&post=9698"},{"taxonomy":"product_cat","embeddable":true,"href":"https:\/\/buches-eco-services.com\/index.php?rest_route=%2Fwp%2Fv2%2Fproduct_cat&post=9698"},{"taxonomy":"product_tag","embeddable":true,"href":"https:\/\/buches-eco-services.com\/index.php?rest_route=%2Fwp%2Fv2%2Fproduct_tag&post=9698"}],"curies":[{"name":"wp","href":"https:\/\/api.w.org\/{rel}","templated":true}]}}